{"id":473,"date":"2022-04-20T16:18:53","date_gmt":"2022-04-20T16:18:53","guid":{"rendered":"https:\/\/www.sumanamusic.com\/commande\/confirmation-dachat\/"},"modified":"2022-06-09T18:04:11","modified_gmt":"2022-06-09T18:04:11","slug":"purchase-confirmation","status":"publish","type":"page","link":"https:\/\/www.sumanamusic.com\/fr\/checkout\/purchase-confirmation\/","title":{"rendered":"Purchase confirmation"},"content":{"rendered":"<div data-elementor-type=\"wp-page\" data-elementor-id=\"473\" class=\"elementor elementor-473\" data-elementor-post-type=\"page\">\n\t\t\t\t\t\t<section class=\"elementor-section elementor-top-section elementor-element elementor-element-685b7836 elementor-section-boxed elementor-section-height-default elementor-section-height-default\" data-id=\"685b7836\" data-element_type=\"section\" data-e-type=\"section\">\n\t\t\t\t\t\t<div class=\"elementor-container elementor-column-gap-default\">\n\t\t\t\t\t<div class=\"elementor-column elementor-col-100 elementor-top-column elementor-element elementor-element-6cba6df\" data-id=\"6cba6df\" data-element_type=\"column\" data-e-type=\"column\">\n\t\t\t<div class=\"elementor-widget-wrap elementor-element-populated\">\n\t\t\t\t\t\t<div class=\"elementor-element elementor-element-5db355d elementor-widget elementor-widget-heading\" data-id=\"5db355d\" data-element_type=\"widget\" data-e-type=\"widget\" data-widget_type=\"heading.default\">\n\t\t\t\t\t<h2 class=\"elementor-heading-title elementor-size-default\">Purchase confirmation<\/h2>\t\t\t\t<\/div>\n\t\t\t\t<div class=\"elementor-element elementor-element-77aa721b elementor-widget elementor-widget-text-editor\" data-id=\"77aa721b\" data-element_type=\"widget\" data-e-type=\"widget\" data-widget_type=\"text-editor.default\">\n\t\t\t\t\t\t\t\t\t<div><i>Thank you from the bottom of my heart for buying my digital download and supporting my music! I really hope that you appreciate the music on this record. I have given it all of my heart &amp; soul and am honoured that you have chosen to invite it into your home.<br \/><\/i><\/div><p><p class=\"edd-alert edd-alert-error\">D\u00e9sol\u00e9, probl\u00e8me de r\u00e9cup\u00e9ration du re\u00e7u de commande.<\/p><\/p>\t\t\t\t\t\t\t\t<\/div>\n\t\t\t\t\t<\/div>\n\t\t<\/div>\n\t\t\t\t\t<\/div>\n\t\t<\/section>\n\t\t\t\t<\/div>","protected":false},"excerpt":{"rendered":"<p>Purchase confirmation Thank you from the bottom of my heart for buying my digital download and supporting my music! I really hope that you appreciate the music on this record. I have given it all of my heart &amp; soul and am honoured that you have chosen to invite it into your home.<\/p>","protected":false},"author":3,"featured_media":0,"parent":472,"menu_order":0,"comment_status":"closed","ping_status":"closed","template":"","meta":{"footnotes":""},"class_list":["post-473","page","type-page","status-publish","hentry"],"yoast_head":"<!-- This site is optimized with the Yoast SEO plugin v27.4 - https:\/\/yoast.com\/product\/yoast-seo-wordpress\/ -->\n<title>Purchase confirmation - Sumana Music<\/title>\n<meta name=\"robots\" content=\"index, follow, max-snippet:-1, max-image-preview:large, max-video-preview:-1\" \/>\n<link rel=\"canonical\" href=\"https:\/\/www.sumanamusic.com\/fr\/checkout\/purchase-confirmation\/\" \/>\n<meta property=\"og:locale\" content=\"fr_FR\" \/>\n<meta property=\"og:type\" content=\"article\" \/>\n<meta property=\"og:title\" content=\"Purchase confirmation - Sumana Music\" \/>\n<meta property=\"og:description\" content=\"Purchase confirmation Thank you from the bottom of my heart for buying my digital download and supporting my music! I really hope that you appreciate the music on this record. I have given it all of my heart &amp; soul and am honoured that you have chosen to invite it into your home.\" \/>\n<meta property=\"og:url\" content=\"https:\/\/www.sumanamusic.com\/fr\/checkout\/purchase-confirmation\/\" \/>\n<meta property=\"og:site_name\" content=\"Sumana Music\" \/>\n<meta property=\"article:publisher\" content=\"https:\/\/www.facebook.com\/sumanamusic\" \/>\n<meta property=\"article:modified_time\" content=\"2022-06-09T18:04:11+00:00\" \/>\n<meta name=\"twitter:card\" content=\"summary_large_image\" \/>\n<script type=\"application\/ld+json\" class=\"yoast-schema-graph\">{\"@context\":\"https:\\\/\\\/schema.org\",\"@graph\":[{\"@type\":\"WebPage\",\"@id\":\"https:\\\/\\\/www.sumanamusic.com\\\/checkout\\\/purchase-confirmation\\\/\",\"url\":\"https:\\\/\\\/www.sumanamusic.com\\\/checkout\\\/purchase-confirmation\\\/\",\"name\":\"Purchase confirmation - Sumana Music\",\"isPartOf\":{\"@id\":\"https:\\\/\\\/www.sumanamusic.com\\\/#website\"},\"datePublished\":\"2022-04-20T16:18:53+00:00\",\"dateModified\":\"2022-06-09T18:04:11+00:00\",\"breadcrumb\":{\"@id\":\"https:\\\/\\\/www.sumanamusic.com\\\/checkout\\\/purchase-confirmation\\\/#breadcrumb\"},\"inLanguage\":\"fr-FR\",\"potentialAction\":[{\"@type\":\"ReadAction\",\"target\":[\"https:\\\/\\\/www.sumanamusic.com\\\/checkout\\\/purchase-confirmation\\\/\"]}]},{\"@type\":\"BreadcrumbList\",\"@id\":\"https:\\\/\\\/www.sumanamusic.com\\\/checkout\\\/purchase-confirmation\\\/#breadcrumb\",\"itemListElement\":[{\"@type\":\"ListItem\",\"position\":1,\"name\":\"Accueil\",\"item\":\"https:\\\/\\\/www.sumanamusic.com\\\/\"},{\"@type\":\"ListItem\",\"position\":2,\"name\":\"Checkout\",\"item\":\"https:\\\/\\\/www.sumanamusic.com\\\/checkout\\\/\"},{\"@type\":\"ListItem\",\"position\":3,\"name\":\"Purchase confirmation\"}]},{\"@type\":\"WebSite\",\"@id\":\"https:\\\/\\\/www.sumanamusic.com\\\/#website\",\"url\":\"https:\\\/\\\/www.sumanamusic.com\\\/\",\"name\":\"Sumana Music\",\"description\":\"\",\"publisher\":{\"@id\":\"https:\\\/\\\/www.sumanamusic.com\\\/#\\\/schema\\\/person\\\/7c76741367df38acd8bdedc53801a314\"},\"potentialAction\":[{\"@type\":\"SearchAction\",\"target\":{\"@type\":\"EntryPoint\",\"urlTemplate\":\"https:\\\/\\\/www.sumanamusic.com\\\/?s={search_term_string}\"},\"query-input\":{\"@type\":\"PropertyValueSpecification\",\"valueRequired\":true,\"valueName\":\"search_term_string\"}}],\"inLanguage\":\"fr-FR\"},{\"@type\":[\"Person\",\"Organization\"],\"@id\":\"https:\\\/\\\/www.sumanamusic.com\\\/#\\\/schema\\\/person\\\/7c76741367df38acd8bdedc53801a314\",\"name\":\"sumana\",\"image\":{\"@type\":\"ImageObject\",\"inLanguage\":\"fr-FR\",\"@id\":\"https:\\\/\\\/www.sumanamusic.com\\\/wp-content\\\/uploads\\\/2022\\\/04\\\/sumana_final.png\",\"url\":\"https:\\\/\\\/www.sumanamusic.com\\\/wp-content\\\/uploads\\\/2022\\\/04\\\/sumana_final.png\",\"contentUrl\":\"https:\\\/\\\/www.sumanamusic.com\\\/wp-content\\\/uploads\\\/2022\\\/04\\\/sumana_final.png\",\"width\":2084,\"height\":1251,\"caption\":\"sumana\"},\"logo\":{\"@id\":\"https:\\\/\\\/www.sumanamusic.com\\\/wp-content\\\/uploads\\\/2022\\\/04\\\/sumana_final.png\"},\"sameAs\":[\"https:\\\/\\\/www.facebook.com\\\/sumanamusic\",\"https:\\\/\\\/www.instagram.com\\\/sumanamusic\",\"https:\\\/\\\/www.youtube.com\\\/sumanamusic\"]}]}<\/script>\n<!-- \/ Yoast SEO plugin. -->","yoast_head_json":{"title":"Purchase confirmation - Sumana Music","robots":{"index":"index","follow":"follow","max-snippet":"max-snippet:-1","max-image-preview":"max-image-preview:large","max-video-preview":"max-video-preview:-1"},"canonical":"https:\/\/www.sumanamusic.com\/fr\/checkout\/purchase-confirmation\/","og_locale":"fr_FR","og_type":"article","og_title":"Purchase confirmation - Sumana Music","og_description":"Purchase confirmation Thank you from the bottom of my heart for buying my digital download and supporting my music! I really hope that you appreciate the music on this record. I have given it all of my heart &amp; soul and am honoured that you have chosen to invite it into your home.","og_url":"https:\/\/www.sumanamusic.com\/fr\/checkout\/purchase-confirmation\/","og_site_name":"Sumana Music","article_publisher":"https:\/\/www.facebook.com\/sumanamusic","article_modified_time":"2022-06-09T18:04:11+00:00","twitter_card":"summary_large_image","schema":{"@context":"https:\/\/schema.org","@graph":[{"@type":"WebPage","@id":"https:\/\/www.sumanamusic.com\/checkout\/purchase-confirmation\/","url":"https:\/\/www.sumanamusic.com\/checkout\/purchase-confirmation\/","name":"Purchase confirmation - Sumana Music","isPartOf":{"@id":"https:\/\/www.sumanamusic.com\/#website"},"datePublished":"2022-04-20T16:18:53+00:00","dateModified":"2022-06-09T18:04:11+00:00","breadcrumb":{"@id":"https:\/\/www.sumanamusic.com\/checkout\/purchase-confirmation\/#breadcrumb"},"inLanguage":"fr-FR","potentialAction":[{"@type":"ReadAction","target":["https:\/\/www.sumanamusic.com\/checkout\/purchase-confirmation\/"]}]},{"@type":"BreadcrumbList","@id":"https:\/\/www.sumanamusic.com\/checkout\/purchase-confirmation\/#breadcrumb","itemListElement":[{"@type":"ListItem","position":1,"name":"Accueil","item":"https:\/\/www.sumanamusic.com\/"},{"@type":"ListItem","position":2,"name":"Checkout","item":"https:\/\/www.sumanamusic.com\/checkout\/"},{"@type":"ListItem","position":3,"name":"Purchase confirmation"}]},{"@type":"WebSite","@id":"https:\/\/www.sumanamusic.com\/#website","url":"https:\/\/www.sumanamusic.com\/","name":"Sumana Music","description":"","publisher":{"@id":"https:\/\/www.sumanamusic.com\/#\/schema\/person\/7c76741367df38acd8bdedc53801a314"},"potentialAction":[{"@type":"SearchAction","target":{"@type":"EntryPoint","urlTemplate":"https:\/\/www.sumanamusic.com\/?s={search_term_string}"},"query-input":{"@type":"PropertyValueSpecification","valueRequired":true,"valueName":"search_term_string"}}],"inLanguage":"fr-FR"},{"@type":["Person","Organization"],"@id":"https:\/\/www.sumanamusic.com\/#\/schema\/person\/7c76741367df38acd8bdedc53801a314","name":"sumana","image":{"@type":"ImageObject","inLanguage":"fr-FR","@id":"https:\/\/www.sumanamusic.com\/wp-content\/uploads\/2022\/04\/sumana_final.png","url":"https:\/\/www.sumanamusic.com\/wp-content\/uploads\/2022\/04\/sumana_final.png","contentUrl":"https:\/\/www.sumanamusic.com\/wp-content\/uploads\/2022\/04\/sumana_final.png","width":2084,"height":1251,"caption":"sumana"},"logo":{"@id":"https:\/\/www.sumanamusic.com\/wp-content\/uploads\/2022\/04\/sumana_final.png"},"sameAs":["https:\/\/www.facebook.com\/sumanamusic","https:\/\/www.instagram.com\/sumanamusic","https:\/\/www.youtube.com\/sumanamusic"]}]}},"_links":{"self":[{"href":"https:\/\/www.sumanamusic.com\/fr\/wp-json\/wp\/v2\/pages\/473","targetHints":{"allow":["GET"]}}],"collection":[{"href":"https:\/\/www.sumanamusic.com\/fr\/wp-json\/wp\/v2\/pages"}],"about":[{"href":"https:\/\/www.sumanamusic.com\/fr\/wp-json\/wp\/v2\/types\/page"}],"author":[{"embeddable":true,"href":"https:\/\/www.sumanamusic.com\/fr\/wp-json\/wp\/v2\/users\/3"}],"replies":[{"embeddable":true,"href":"https:\/\/www.sumanamusic.com\/fr\/wp-json\/wp\/v2\/comments?post=473"}],"version-history":[{"count":5,"href":"https:\/\/www.sumanamusic.com\/fr\/wp-json\/wp\/v2\/pages\/473\/revisions"}],"predecessor-version":[{"id":2135,"href":"https:\/\/www.sumanamusic.com\/fr\/wp-json\/wp\/v2\/pages\/473\/revisions\/2135"}],"up":[{"embeddable":true,"href":"https:\/\/www.sumanamusic.com\/fr\/wp-json\/wp\/v2\/pages\/472"}],"wp:attachment":[{"href":"https:\/\/www.sumanamusic.com\/fr\/wp-json\/wp\/v2\/media?parent=473"}],"curies":[{"name":"wp","href":"https:\/\/api.w.org\/{rel}","templated":true}]}}