{"id":3196,"date":"2026-03-07T03:25:11","date_gmt":"2026-03-07T03:25:11","guid":{"rendered":"https:\/\/www.sumanamusic.com\/?page_id=3196"},"modified":"2026-04-24T22:11:01","modified_gmt":"2026-04-24T22:11:01","slug":"about","status":"publish","type":"page","link":"https:\/\/www.sumanamusic.com\/fr\/about\/","title":{"rendered":"A propos"},"content":{"rendered":"<div data-elementor-type=\"wp-page\" data-elementor-id=\"3196\" class=\"elementor elementor-3196\" data-elementor-post-type=\"page\">\n\t\t\t\t<div class=\"elementor-element elementor-element-e2fd27c e-con-full e-flex e-con e-parent\" data-id=\"e2fd27c\" data-element_type=\"container\" data-e-type=\"container\">\n\t\t<div class=\"elementor-element elementor-element-40fa65e e-flex e-con-boxed e-con e-child\" data-id=\"40fa65e\" data-element_type=\"container\" data-e-type=\"container\">\n\t\t\t\t\t<div class=\"e-con-inner\">\n\t\t<div class=\"elementor-element elementor-element-0a16c7a e-con-full e-flex e-con e-child\" data-id=\"0a16c7a\" data-element_type=\"container\" data-e-type=\"container\">\n\t\t\t\t<div class=\"elementor-element elementor-element-27e2693 elementor-widget elementor-widget-text-editor\" data-id=\"27e2693\" data-element_type=\"widget\" data-e-type=\"widget\" data-widget_type=\"text-editor.default\">\n\t\t\t\t\t\t\t\t\t<p data-start=\"334\" data-end=\"695\">Sumana est la cr\u00e9atrice d\u2019une musique pop-folk solaire et optimiste qui fait la part belle \u00e0 la voix, \u00e0 l\u2019instar d\u2019une Norah Jones ou d\u2019une Katie Melua. Entre l\u2019Inde et la France, des bancs d\u2019HEC aux couloirs du m\u00e9tro parisien, et du monde de l\u2019assurance \u00e0 la musique, elle a travers\u00e9 des p\u00e9riodes de transition importantes qui ont, \u00e0 chaque fois, red\u00e9fini le cours de sa vie. Sa soif de changement et d\u2019alignement l\u2019a men\u00e9e \u00e0 quitter une vie conforme et lisse pour s\u2019\u00e9panouir \u00e0 plein temps en tant qu\u2019artiste ind\u00e9pendante.<\/p><p data-start=\"697\" data-end=\"1191\">Accompagn\u00e9e de sa guitare, cette \u00e2me franco-indienne chante en anglais, fran\u00e7ais et hindi, et emm\u00e8ne son public dans un voyage intimiste, inspir\u00e9 par les moments marquants de sa vie : partir de son pays d\u2019origine pour s\u2019installer sur un autre continent, quitter un m\u00e9tier s\u00e9curisant pour poursuivre son r\u00eave musical\u2026 Apr\u00e8s son premier EP <em data-start=\"1021\" data-end=\"1027\">Easy<\/em> (2022), qui a obtenu l\u2019aide \u00e0 l\u2019autoproduction de la <span class=\"hover:entity-accent entity-underline inline cursor-pointer align-baseline\"><span class=\"whitespace-normal\">SACEM<\/span><\/span>, elle pr\u00e9pare son premier album intitul\u00e9, <em data-start=\"1153\" data-end=\"1165\">The Flight<\/em>dont la sortie sera en mai 2026.<\/p><p data-start=\"1193\" data-end=\"1340\">En f\u00e9vrier 2026, Sumana a eu le grand honneur de recevoir le titre de <strong>\u201cChevali\u00e8re de l\u2019Ordre des Arts et des Lettres\u201d<\/strong> d\u00e9cern\u00e9 par le ministre de la Culture fran\u00e7ais, une distinction prestigieuse r\u00e9compensant sa contribution significative aux arts.<\/p>\t\t\t\t\t\t\t\t<\/div>\n\t\t\t\t<\/div>\n\t\t\t\t<div class=\"elementor-element elementor-element-4aee844 elementor-widget__width-inherit elementor-widget elementor-widget-image\" data-id=\"4aee844\" data-element_type=\"widget\" data-e-type=\"widget\" data-widget_type=\"image.default\">\n\t\t\t\t\t\t\t\t\t\t\t\t\t\t\t<img fetchpriority=\"high\" decoding=\"async\" width=\"1702\" height=\"1807\" src=\"https:\/\/www.sumanamusic.com\/wp-content\/uploads\/2026\/04\/Sumana-portrait-sanaznadjaf-3-1-scaled-e1776201538136.jpg\" class=\"attachment-full size-full wp-image-3684\" alt=\"\" srcset=\"https:\/\/www.sumanamusic.com\/wp-content\/uploads\/2026\/04\/Sumana-portrait-sanaznadjaf-3-1-scaled-e1776201538136.jpg 1702w, https:\/\/www.sumanamusic.com\/wp-content\/uploads\/2026\/04\/Sumana-portrait-sanaznadjaf-3-1-scaled-e1776201538136-283x300.jpg 283w, https:\/\/www.sumanamusic.com\/wp-content\/uploads\/2026\/04\/Sumana-portrait-sanaznadjaf-3-1-scaled-e1776201538136-964x1024.jpg 964w, https:\/\/www.sumanamusic.com\/wp-content\/uploads\/2026\/04\/Sumana-portrait-sanaznadjaf-3-1-scaled-e1776201538136-768x815.jpg 768w, https:\/\/www.sumanamusic.com\/wp-content\/uploads\/2026\/04\/Sumana-portrait-sanaznadjaf-3-1-scaled-e1776201538136-1447x1536.jpg 1447w\" sizes=\"(max-width: 1702px) 100vw, 1702px\" \/>\t\t\t\t\t\t\t\t\t\t\t\t\t\t\t<\/div>\n\t\t\t\t\t<\/div>\n\t\t\t\t<\/div>\n\t\t\t\t<\/div>\n\t\t\t\t<\/div>","protected":false},"excerpt":{"rendered":"<p>Between India and France, from the class rooms of HEC Paris to the corridors of the Paris metro, and from a career in insurance to a life in music, Sumana has navigated profound transitions that have continually reshaped her path. Driven by a desire for freedom and alignment, she chose to leave behind a conventional [&hellip;]<\/p>\n","protected":false},"author":5,"featured_media":0,"parent":0,"menu_order":0,"comment_status":"closed","ping_status":"closed","template":"","meta":{"footnotes":""},"class_list":["post-3196","page","type-page","status-publish","hentry"],"yoast_head":"<!-- This site is optimized with the Yoast SEO plugin v27.4 - https:\/\/yoast.com\/product\/yoast-seo-wordpress\/ -->\n<title>About - Sumana Music<\/title>\n<meta name=\"robots\" content=\"index, follow, max-snippet:-1, max-image-preview:large, max-video-preview:-1\" \/>\n<link rel=\"canonical\" href=\"https:\/\/www.sumanamusic.com\/fr\/about\/\" \/>\n<meta property=\"og:locale\" content=\"fr_FR\" \/>\n<meta property=\"og:type\" content=\"article\" \/>\n<meta property=\"og:title\" content=\"About - Sumana Music\" \/>\n<meta property=\"og:description\" content=\"Between India and France, from the class rooms of HEC Paris to the corridors of the Paris metro, and from a career in insurance to a life in music, Sumana has navigated profound transitions that have continually reshaped her path. Driven by a desire for freedom and alignment, she chose to leave behind a conventional [&hellip;]\" \/>\n<meta property=\"og:url\" content=\"https:\/\/www.sumanamusic.com\/fr\/about\/\" \/>\n<meta property=\"og:site_name\" content=\"Sumana Music\" \/>\n<meta property=\"article:publisher\" content=\"https:\/\/www.facebook.com\/sumanamusic\" \/>\n<meta property=\"article:modified_time\" content=\"2026-04-24T22:11:01+00:00\" \/>\n<meta property=\"og:image\" content=\"https:\/\/www.sumanamusic.com\/wp-content\/uploads\/2026\/04\/Sumana-portrait-sanaznadjaf-3-1-scaled-e1776201538136.jpg\" \/>\n\t<meta property=\"og:image:width\" content=\"1702\" \/>\n\t<meta property=\"og:image:height\" content=\"1807\" \/>\n\t<meta property=\"og:image:type\" content=\"image\/jpeg\" \/>\n<meta name=\"twitter:card\" content=\"summary_large_image\" \/>\n<meta name=\"twitter:label1\" content=\"Dur\u00e9e de lecture estim\u00e9e\" \/>\n\t<meta name=\"twitter:data1\" content=\"2 minutes\" \/>\n<script type=\"application\/ld+json\" class=\"yoast-schema-graph\">{\"@context\":\"https:\\\/\\\/schema.org\",\"@graph\":[{\"@type\":\"WebPage\",\"@id\":\"https:\\\/\\\/www.sumanamusic.com\\\/about\\\/\",\"url\":\"https:\\\/\\\/www.sumanamusic.com\\\/about\\\/\",\"name\":\"About - Sumana Music\",\"isPartOf\":{\"@id\":\"https:\\\/\\\/www.sumanamusic.com\\\/#website\"},\"primaryImageOfPage\":{\"@id\":\"https:\\\/\\\/www.sumanamusic.com\\\/about\\\/#primaryimage\"},\"image\":{\"@id\":\"https:\\\/\\\/www.sumanamusic.com\\\/about\\\/#primaryimage\"},\"thumbnailUrl\":\"https:\\\/\\\/www.sumanamusic.com\\\/wp-content\\\/uploads\\\/2026\\\/04\\\/Sumana-portrait-sanaznadjaf-3-1-scaled-e1776201538136.jpg\",\"datePublished\":\"2026-03-07T03:25:11+00:00\",\"dateModified\":\"2026-04-24T22:11:01+00:00\",\"breadcrumb\":{\"@id\":\"https:\\\/\\\/www.sumanamusic.com\\\/about\\\/#breadcrumb\"},\"inLanguage\":\"fr-FR\",\"potentialAction\":[{\"@type\":\"ReadAction\",\"target\":[\"https:\\\/\\\/www.sumanamusic.com\\\/about\\\/\"]}]},{\"@type\":\"ImageObject\",\"inLanguage\":\"fr-FR\",\"@id\":\"https:\\\/\\\/www.sumanamusic.com\\\/about\\\/#primaryimage\",\"url\":\"https:\\\/\\\/www.sumanamusic.com\\\/wp-content\\\/uploads\\\/2026\\\/04\\\/Sumana-portrait-sanaznadjaf-3-1-scaled-e1776201538136.jpg\",\"contentUrl\":\"https:\\\/\\\/www.sumanamusic.com\\\/wp-content\\\/uploads\\\/2026\\\/04\\\/Sumana-portrait-sanaznadjaf-3-1-scaled-e1776201538136.jpg\"},{\"@type\":\"BreadcrumbList\",\"@id\":\"https:\\\/\\\/www.sumanamusic.com\\\/about\\\/#breadcrumb\",\"itemListElement\":[{\"@type\":\"ListItem\",\"position\":1,\"name\":\"Accueil\",\"item\":\"https:\\\/\\\/www.sumanamusic.com\\\/\"},{\"@type\":\"ListItem\",\"position\":2,\"name\":\"About\"}]},{\"@type\":\"WebSite\",\"@id\":\"https:\\\/\\\/www.sumanamusic.com\\\/#website\",\"url\":\"https:\\\/\\\/www.sumanamusic.com\\\/\",\"name\":\"Sumana Music\",\"description\":\"\",\"publisher\":{\"@id\":\"https:\\\/\\\/www.sumanamusic.com\\\/#\\\/schema\\\/person\\\/7c76741367df38acd8bdedc53801a314\"},\"potentialAction\":[{\"@type\":\"SearchAction\",\"target\":{\"@type\":\"EntryPoint\",\"urlTemplate\":\"https:\\\/\\\/www.sumanamusic.com\\\/?s={search_term_string}\"},\"query-input\":{\"@type\":\"PropertyValueSpecification\",\"valueRequired\":true,\"valueName\":\"search_term_string\"}}],\"inLanguage\":\"fr-FR\"},{\"@type\":[\"Person\",\"Organization\"],\"@id\":\"https:\\\/\\\/www.sumanamusic.com\\\/#\\\/schema\\\/person\\\/7c76741367df38acd8bdedc53801a314\",\"name\":\"sumana\",\"image\":{\"@type\":\"ImageObject\",\"inLanguage\":\"fr-FR\",\"@id\":\"https:\\\/\\\/www.sumanamusic.com\\\/wp-content\\\/uploads\\\/2022\\\/04\\\/sumana_final.png\",\"url\":\"https:\\\/\\\/www.sumanamusic.com\\\/wp-content\\\/uploads\\\/2022\\\/04\\\/sumana_final.png\",\"contentUrl\":\"https:\\\/\\\/www.sumanamusic.com\\\/wp-content\\\/uploads\\\/2022\\\/04\\\/sumana_final.png\",\"width\":2084,\"height\":1251,\"caption\":\"sumana\"},\"logo\":{\"@id\":\"https:\\\/\\\/www.sumanamusic.com\\\/wp-content\\\/uploads\\\/2022\\\/04\\\/sumana_final.png\"},\"sameAs\":[\"https:\\\/\\\/www.facebook.com\\\/sumanamusic\",\"https:\\\/\\\/www.instagram.com\\\/sumanamusic\",\"https:\\\/\\\/www.youtube.com\\\/sumanamusic\"]}]}<\/script>\n<!-- \/ Yoast SEO plugin. -->","yoast_head_json":{"title":"About - Sumana Music","robots":{"index":"index","follow":"follow","max-snippet":"max-snippet:-1","max-image-preview":"max-image-preview:large","max-video-preview":"max-video-preview:-1"},"canonical":"https:\/\/www.sumanamusic.com\/fr\/about\/","og_locale":"fr_FR","og_type":"article","og_title":"About - Sumana Music","og_description":"Between India and France, from the class rooms of HEC Paris to the corridors of the Paris metro, and from a career in insurance to a life in music, Sumana has navigated profound transitions that have continually reshaped her path. Driven by a desire for freedom and alignment, she chose to leave behind a conventional [&hellip;]","og_url":"https:\/\/www.sumanamusic.com\/fr\/about\/","og_site_name":"Sumana Music","article_publisher":"https:\/\/www.facebook.com\/sumanamusic","article_modified_time":"2026-04-24T22:11:01+00:00","og_image":[{"width":1702,"height":1807,"url":"https:\/\/www.sumanamusic.com\/wp-content\/uploads\/2026\/04\/Sumana-portrait-sanaznadjaf-3-1-scaled-e1776201538136.jpg","type":"image\/jpeg"}],"twitter_card":"summary_large_image","twitter_misc":{"Dur\u00e9e de lecture estim\u00e9e":"2 minutes"},"schema":{"@context":"https:\/\/schema.org","@graph":[{"@type":"WebPage","@id":"https:\/\/www.sumanamusic.com\/about\/","url":"https:\/\/www.sumanamusic.com\/about\/","name":"About - Sumana Music","isPartOf":{"@id":"https:\/\/www.sumanamusic.com\/#website"},"primaryImageOfPage":{"@id":"https:\/\/www.sumanamusic.com\/about\/#primaryimage"},"image":{"@id":"https:\/\/www.sumanamusic.com\/about\/#primaryimage"},"thumbnailUrl":"https:\/\/www.sumanamusic.com\/wp-content\/uploads\/2026\/04\/Sumana-portrait-sanaznadjaf-3-1-scaled-e1776201538136.jpg","datePublished":"2026-03-07T03:25:11+00:00","dateModified":"2026-04-24T22:11:01+00:00","breadcrumb":{"@id":"https:\/\/www.sumanamusic.com\/about\/#breadcrumb"},"inLanguage":"fr-FR","potentialAction":[{"@type":"ReadAction","target":["https:\/\/www.sumanamusic.com\/about\/"]}]},{"@type":"ImageObject","inLanguage":"fr-FR","@id":"https:\/\/www.sumanamusic.com\/about\/#primaryimage","url":"https:\/\/www.sumanamusic.com\/wp-content\/uploads\/2026\/04\/Sumana-portrait-sanaznadjaf-3-1-scaled-e1776201538136.jpg","contentUrl":"https:\/\/www.sumanamusic.com\/wp-content\/uploads\/2026\/04\/Sumana-portrait-sanaznadjaf-3-1-scaled-e1776201538136.jpg"},{"@type":"BreadcrumbList","@id":"https:\/\/www.sumanamusic.com\/about\/#breadcrumb","itemListElement":[{"@type":"ListItem","position":1,"name":"Accueil","item":"https:\/\/www.sumanamusic.com\/"},{"@type":"ListItem","position":2,"name":"About"}]},{"@type":"WebSite","@id":"https:\/\/www.sumanamusic.com\/#website","url":"https:\/\/www.sumanamusic.com\/","name":"Sumana Music","description":"","publisher":{"@id":"https:\/\/www.sumanamusic.com\/#\/schema\/person\/7c76741367df38acd8bdedc53801a314"},"potentialAction":[{"@type":"SearchAction","target":{"@type":"EntryPoint","urlTemplate":"https:\/\/www.sumanamusic.com\/?s={search_term_string}"},"query-input":{"@type":"PropertyValueSpecification","valueRequired":true,"valueName":"search_term_string"}}],"inLanguage":"fr-FR"},{"@type":["Person","Organization"],"@id":"https:\/\/www.sumanamusic.com\/#\/schema\/person\/7c76741367df38acd8bdedc53801a314","name":"sumana","image":{"@type":"ImageObject","inLanguage":"fr-FR","@id":"https:\/\/www.sumanamusic.com\/wp-content\/uploads\/2022\/04\/sumana_final.png","url":"https:\/\/www.sumanamusic.com\/wp-content\/uploads\/2022\/04\/sumana_final.png","contentUrl":"https:\/\/www.sumanamusic.com\/wp-content\/uploads\/2022\/04\/sumana_final.png","width":2084,"height":1251,"caption":"sumana"},"logo":{"@id":"https:\/\/www.sumanamusic.com\/wp-content\/uploads\/2022\/04\/sumana_final.png"},"sameAs":["https:\/\/www.facebook.com\/sumanamusic","https:\/\/www.instagram.com\/sumanamusic","https:\/\/www.youtube.com\/sumanamusic"]}]}},"_links":{"self":[{"href":"https:\/\/www.sumanamusic.com\/fr\/wp-json\/wp\/v2\/pages\/3196","targetHints":{"allow":["GET"]}}],"collection":[{"href":"https:\/\/www.sumanamusic.com\/fr\/wp-json\/wp\/v2\/pages"}],"about":[{"href":"https:\/\/www.sumanamusic.com\/fr\/wp-json\/wp\/v2\/types\/page"}],"author":[{"embeddable":true,"href":"https:\/\/www.sumanamusic.com\/fr\/wp-json\/wp\/v2\/users\/5"}],"replies":[{"embeddable":true,"href":"https:\/\/www.sumanamusic.com\/fr\/wp-json\/wp\/v2\/comments?post=3196"}],"version-history":[{"count":37,"href":"https:\/\/www.sumanamusic.com\/fr\/wp-json\/wp\/v2\/pages\/3196\/revisions"}],"predecessor-version":[{"id":3911,"href":"https:\/\/www.sumanamusic.com\/fr\/wp-json\/wp\/v2\/pages\/3196\/revisions\/3911"}],"wp:attachment":[{"href":"https:\/\/www.sumanamusic.com\/fr\/wp-json\/wp\/v2\/media?parent=3196"}],"curies":[{"name":"wp","href":"https:\/\/api.w.org\/{rel}","templated":true}]}}