{"id":2052,"date":"2022-06-09T17:09:30","date_gmt":"2022-06-09T17:09:30","guid":{"rendered":"https:\/\/www.sumanamusic.com\/?page_id=2052"},"modified":"2022-07-22T12:07:36","modified_gmt":"2022-07-22T12:07:36","slug":"mentions-legales","status":"publish","type":"page","link":"https:\/\/www.sumanamusic.com\/fr\/mentions-legales\/","title":{"rendered":"Mentions l\u00e9gales"},"content":{"rendered":"<div data-elementor-type=\"wp-page\" data-elementor-id=\"2052\" class=\"elementor elementor-2052\" data-elementor-post-type=\"page\">\n\t\t\t\t\t\t<section class=\"elementor-section elementor-top-section elementor-element elementor-element-d18b343 elementor-section-boxed elementor-section-height-default elementor-section-height-default\" data-id=\"d18b343\" data-element_type=\"section\" data-e-type=\"section\">\n\t\t\t\t\t\t<div class=\"elementor-container elementor-column-gap-default\">\n\t\t\t\t\t<div class=\"elementor-column elementor-col-100 elementor-top-column elementor-element elementor-element-dec0f9d\" data-id=\"dec0f9d\" data-element_type=\"column\" data-e-type=\"column\">\n\t\t\t<div class=\"elementor-widget-wrap elementor-element-populated\">\n\t\t\t\t\t\t<div class=\"elementor-element elementor-element-a489ef0 elementor-widget elementor-widget-heading\" data-id=\"a489ef0\" data-element_type=\"widget\" data-e-type=\"widget\" data-widget_type=\"heading.default\">\n\t\t\t\t\t<h2 class=\"elementor-heading-title elementor-size-default\">Mentions l\u00e9gales<\/h2>\t\t\t\t<\/div>\n\t\t\t\t<div class=\"elementor-element elementor-element-b77ff1f elementor-widget elementor-widget-text-editor\" data-id=\"b77ff1f\" data-element_type=\"widget\" data-e-type=\"widget\" data-widget_type=\"text-editor.default\">\n\t\t\t\t\t\t\t\t\t<p><b>Artiste-Auteur\u2013 Sumana Arun Kumar<br \/><\/b>36 Rue Tiquetonne<br \/>75002 Paris<br \/>France<br \/>Siret : 87758641200018<br \/>sumanamusic@gmail.com<br \/>www.sumanamusic.com est la propri\u00e9t\u00e9 du compte Artiste-Auteur\u2013 Sumana Arun Kumar<br \/>L&#8217;ensemble de ce site rel\u00e8ve des l\u00e9gislations fran\u00e7aises et internationales sur le droit d&#8217;auteur<br \/>et la propri\u00e9t\u00e9 intellectuelle. Tous les droits de reproduction sont r\u00e9serv\u00e9s, y compris pour les<br \/>documents iconographiques et photographiques et les fichiers t\u00e9l\u00e9chargeables sur le site. <style>@font-face\n\t{font-family:\"Cambria Math\";\n\tpanose-1:2 4 5 3 5 4 6 3 2 4;\n\tmso-font-charset:0;\n\tmso-generic-font-family:roman;\n\tmso-font-pitch:variable;\n\tmso-font-signature:-536870145 1107305727 0 0 415 0;}@font-face\n\t{font-family:Calibri;\n\tpanose-1:2 15 5 2 2 2 4 3 2 4;\n\tmso-font-charset:0;\n\tmso-generic-font-family:swiss;\n\tmso-font-pitch:variable;\n\tmso-font-signature:-469750017 -1073732485 9 0 511 0;}p.MsoNormal, li.MsoNormal, div.MsoNormal\n\t{mso-style-unhide:no;\n\tmso-style-qformat:yes;\n\tmso-style-parent:\"\";\n\tmargin:0cm;\n\tmso-pagination:widow-orphan;\n\tfont-size:12.0pt;\n\tfont-family:\"Calibri\",sans-serif;\n\tmso-ascii-font-family:Calibri;\n\tmso-ascii-theme-font:minor-latin;\n\tmso-fareast-font-family:Calibri;\n\tmso-fareast-theme-font:minor-latin;\n\tmso-hansi-font-family:Calibri;\n\tmso-hansi-theme-font:minor-latin;\n\tmso-bidi-font-family:\"Times New Roman\";\n\tmso-bidi-theme-font:minor-bidi;\n\tmso-fareast-language:EN-US;}.MsoChpDefault\n\t{mso-style-type:export-only;\n\tmso-default-props:yes;\n\tfont-family:\"Calibri\",sans-serif;\n\tmso-ascii-font-family:Calibri;\n\tmso-ascii-theme-font:minor-latin;\n\tmso-fareast-font-family:Calibri;\n\tmso-fareast-theme-font:minor-latin;\n\tmso-hansi-font-family:Calibri;\n\tmso-hansi-theme-font:minor-latin;\n\tmso-bidi-font-family:\"Times New Roman\";\n\tmso-bidi-theme-font:minor-bidi;\n\tmso-fareast-language:EN-US;}div.WordSection1\n\t{page:WordSection1;}<\/style><br \/><br \/><b>Donn\u00e9es personnelles<br \/><\/b>D&#8217;une fa\u00e7on g\u00e9n\u00e9rale, vous pouvez visiter notre site sur Internet sans avoir \u00e0 d\u00e9cliner votre<br \/>identit\u00e9 et \u00e0 fournir des informations personnelles vous concernant. Cependant, nous pouvons<br \/>parfois vous demander des informations. Par exemple, pour traiter une commande ou \u00e9tablir<br \/>une correspondance\u2026<br \/><br \/><b>H\u00e9bergeur<br \/><\/b>o2switch<br \/>222 Bd Gustave Flaubert, 63000 Clermont-Ferrand<br \/>https:\/\/www.o2switch.fr\/<\/p>\t\t\t\t\t\t\t\t<\/div>\n\t\t\t\t\t<\/div>\n\t\t<\/div>\n\t\t\t\t\t<\/div>\n\t\t<\/section>\n\t\t\t\t<\/div>","protected":false},"excerpt":{"rendered":"<p>Mentions l\u00e9gales Artiste-Auteur\u2013 Sumana Arun Kumar36 Rue Tiquetonne75002 ParisFranceSiret : 87758641200018sumanamusic@gmail.comwww.sumanamusic.com est la propri\u00e9t\u00e9 du compte Artiste-Auteur\u2013 Sumana Arun KumarL&#8217;ensemble de ce site rel\u00e8ve des l\u00e9gislations fran\u00e7aises et internationales sur le droit d&#8217;auteuret la propri\u00e9t\u00e9 intellectuelle. Tous les droits de reproduction sont r\u00e9serv\u00e9s, y compris pour lesdocuments iconographiques et photographiques et les fichiers t\u00e9l\u00e9chargeables sur [&hellip;]<\/p>\n","protected":false},"author":3,"featured_media":0,"parent":0,"menu_order":0,"comment_status":"closed","ping_status":"closed","template":"","meta":{"footnotes":""},"class_list":["post-2052","page","type-page","status-publish","hentry"],"yoast_head":"<!-- This site is optimized with the Yoast SEO plugin v27.4 - https:\/\/yoast.com\/product\/yoast-seo-wordpress\/ -->\n<title>Mentions l\u00e9gales - Sumana Music<\/title>\n<meta name=\"robots\" content=\"index, follow, max-snippet:-1, max-image-preview:large, max-video-preview:-1\" \/>\n<link rel=\"canonical\" href=\"https:\/\/www.sumanamusic.com\/fr\/mentions-legales\/\" \/>\n<meta property=\"og:locale\" content=\"fr_FR\" \/>\n<meta property=\"og:type\" content=\"article\" \/>\n<meta property=\"og:title\" content=\"Mentions l\u00e9gales - Sumana Music\" \/>\n<meta property=\"og:description\" content=\"Mentions l\u00e9gales Artiste-Auteur\u2013 Sumana Arun Kumar36 Rue Tiquetonne75002 ParisFranceSiret : 87758641200018sumanamusic@gmail.comwww.sumanamusic.com est la propri\u00e9t\u00e9 du compte Artiste-Auteur\u2013 Sumana Arun KumarL&#8217;ensemble de ce site rel\u00e8ve des l\u00e9gislations fran\u00e7aises et internationales sur le droit d&#8217;auteuret la propri\u00e9t\u00e9 intellectuelle. Tous les droits de reproduction sont r\u00e9serv\u00e9s, y compris pour lesdocuments iconographiques et photographiques et les fichiers t\u00e9l\u00e9chargeables sur [&hellip;]\" \/>\n<meta property=\"og:url\" content=\"https:\/\/www.sumanamusic.com\/fr\/mentions-legales\/\" \/>\n<meta property=\"og:site_name\" content=\"Sumana Music\" \/>\n<meta property=\"article:publisher\" content=\"https:\/\/www.facebook.com\/sumanamusic\" \/>\n<meta property=\"article:modified_time\" content=\"2022-07-22T12:07:36+00:00\" \/>\n<meta name=\"twitter:card\" content=\"summary_large_image\" \/>\n<meta name=\"twitter:label1\" content=\"Dur\u00e9e de lecture estim\u00e9e\" \/>\n\t<meta name=\"twitter:data1\" content=\"1 minute\" \/>\n<script type=\"application\/ld+json\" class=\"yoast-schema-graph\">{\"@context\":\"https:\\\/\\\/schema.org\",\"@graph\":[{\"@type\":\"WebPage\",\"@id\":\"https:\\\/\\\/www.sumanamusic.com\\\/mentions-legales\\\/\",\"url\":\"https:\\\/\\\/www.sumanamusic.com\\\/mentions-legales\\\/\",\"name\":\"Mentions l\u00e9gales - Sumana Music\",\"isPartOf\":{\"@id\":\"https:\\\/\\\/www.sumanamusic.com\\\/#website\"},\"datePublished\":\"2022-06-09T17:09:30+00:00\",\"dateModified\":\"2022-07-22T12:07:36+00:00\",\"breadcrumb\":{\"@id\":\"https:\\\/\\\/www.sumanamusic.com\\\/mentions-legales\\\/#breadcrumb\"},\"inLanguage\":\"fr-FR\",\"potentialAction\":[{\"@type\":\"ReadAction\",\"target\":[\"https:\\\/\\\/www.sumanamusic.com\\\/mentions-legales\\\/\"]}]},{\"@type\":\"BreadcrumbList\",\"@id\":\"https:\\\/\\\/www.sumanamusic.com\\\/mentions-legales\\\/#breadcrumb\",\"itemListElement\":[{\"@type\":\"ListItem\",\"position\":1,\"name\":\"Accueil\",\"item\":\"https:\\\/\\\/www.sumanamusic.com\\\/\"},{\"@type\":\"ListItem\",\"position\":2,\"name\":\"Mentions l\u00e9gales\"}]},{\"@type\":\"WebSite\",\"@id\":\"https:\\\/\\\/www.sumanamusic.com\\\/#website\",\"url\":\"https:\\\/\\\/www.sumanamusic.com\\\/\",\"name\":\"Sumana Music\",\"description\":\"\",\"publisher\":{\"@id\":\"https:\\\/\\\/www.sumanamusic.com\\\/#\\\/schema\\\/person\\\/7c76741367df38acd8bdedc53801a314\"},\"potentialAction\":[{\"@type\":\"SearchAction\",\"target\":{\"@type\":\"EntryPoint\",\"urlTemplate\":\"https:\\\/\\\/www.sumanamusic.com\\\/?s={search_term_string}\"},\"query-input\":{\"@type\":\"PropertyValueSpecification\",\"valueRequired\":true,\"valueName\":\"search_term_string\"}}],\"inLanguage\":\"fr-FR\"},{\"@type\":[\"Person\",\"Organization\"],\"@id\":\"https:\\\/\\\/www.sumanamusic.com\\\/#\\\/schema\\\/person\\\/7c76741367df38acd8bdedc53801a314\",\"name\":\"sumana\",\"image\":{\"@type\":\"ImageObject\",\"inLanguage\":\"fr-FR\",\"@id\":\"https:\\\/\\\/www.sumanamusic.com\\\/wp-content\\\/uploads\\\/2022\\\/04\\\/sumana_final.png\",\"url\":\"https:\\\/\\\/www.sumanamusic.com\\\/wp-content\\\/uploads\\\/2022\\\/04\\\/sumana_final.png\",\"contentUrl\":\"https:\\\/\\\/www.sumanamusic.com\\\/wp-content\\\/uploads\\\/2022\\\/04\\\/sumana_final.png\",\"width\":2084,\"height\":1251,\"caption\":\"sumana\"},\"logo\":{\"@id\":\"https:\\\/\\\/www.sumanamusic.com\\\/wp-content\\\/uploads\\\/2022\\\/04\\\/sumana_final.png\"},\"sameAs\":[\"https:\\\/\\\/www.facebook.com\\\/sumanamusic\",\"https:\\\/\\\/www.instagram.com\\\/sumanamusic\",\"https:\\\/\\\/www.youtube.com\\\/sumanamusic\"]}]}<\/script>\n<!-- \/ Yoast SEO plugin. -->","yoast_head_json":{"title":"Mentions l\u00e9gales - Sumana Music","robots":{"index":"index","follow":"follow","max-snippet":"max-snippet:-1","max-image-preview":"max-image-preview:large","max-video-preview":"max-video-preview:-1"},"canonical":"https:\/\/www.sumanamusic.com\/fr\/mentions-legales\/","og_locale":"fr_FR","og_type":"article","og_title":"Mentions l\u00e9gales - Sumana Music","og_description":"Mentions l\u00e9gales Artiste-Auteur\u2013 Sumana Arun Kumar36 Rue Tiquetonne75002 ParisFranceSiret : 87758641200018sumanamusic@gmail.comwww.sumanamusic.com est la propri\u00e9t\u00e9 du compte Artiste-Auteur\u2013 Sumana Arun KumarL&#8217;ensemble de ce site rel\u00e8ve des l\u00e9gislations fran\u00e7aises et internationales sur le droit d&#8217;auteuret la propri\u00e9t\u00e9 intellectuelle. Tous les droits de reproduction sont r\u00e9serv\u00e9s, y compris pour lesdocuments iconographiques et photographiques et les fichiers t\u00e9l\u00e9chargeables sur [&hellip;]","og_url":"https:\/\/www.sumanamusic.com\/fr\/mentions-legales\/","og_site_name":"Sumana Music","article_publisher":"https:\/\/www.facebook.com\/sumanamusic","article_modified_time":"2022-07-22T12:07:36+00:00","twitter_card":"summary_large_image","twitter_misc":{"Dur\u00e9e de lecture estim\u00e9e":"1 minute"},"schema":{"@context":"https:\/\/schema.org","@graph":[{"@type":"WebPage","@id":"https:\/\/www.sumanamusic.com\/mentions-legales\/","url":"https:\/\/www.sumanamusic.com\/mentions-legales\/","name":"Mentions l\u00e9gales - Sumana Music","isPartOf":{"@id":"https:\/\/www.sumanamusic.com\/#website"},"datePublished":"2022-06-09T17:09:30+00:00","dateModified":"2022-07-22T12:07:36+00:00","breadcrumb":{"@id":"https:\/\/www.sumanamusic.com\/mentions-legales\/#breadcrumb"},"inLanguage":"fr-FR","potentialAction":[{"@type":"ReadAction","target":["https:\/\/www.sumanamusic.com\/mentions-legales\/"]}]},{"@type":"BreadcrumbList","@id":"https:\/\/www.sumanamusic.com\/mentions-legales\/#breadcrumb","itemListElement":[{"@type":"ListItem","position":1,"name":"Accueil","item":"https:\/\/www.sumanamusic.com\/"},{"@type":"ListItem","position":2,"name":"Mentions l\u00e9gales"}]},{"@type":"WebSite","@id":"https:\/\/www.sumanamusic.com\/#website","url":"https:\/\/www.sumanamusic.com\/","name":"Sumana Music","description":"","publisher":{"@id":"https:\/\/www.sumanamusic.com\/#\/schema\/person\/7c76741367df38acd8bdedc53801a314"},"potentialAction":[{"@type":"SearchAction","target":{"@type":"EntryPoint","urlTemplate":"https:\/\/www.sumanamusic.com\/?s={search_term_string}"},"query-input":{"@type":"PropertyValueSpecification","valueRequired":true,"valueName":"search_term_string"}}],"inLanguage":"fr-FR"},{"@type":["Person","Organization"],"@id":"https:\/\/www.sumanamusic.com\/#\/schema\/person\/7c76741367df38acd8bdedc53801a314","name":"sumana","image":{"@type":"ImageObject","inLanguage":"fr-FR","@id":"https:\/\/www.sumanamusic.com\/wp-content\/uploads\/2022\/04\/sumana_final.png","url":"https:\/\/www.sumanamusic.com\/wp-content\/uploads\/2022\/04\/sumana_final.png","contentUrl":"https:\/\/www.sumanamusic.com\/wp-content\/uploads\/2022\/04\/sumana_final.png","width":2084,"height":1251,"caption":"sumana"},"logo":{"@id":"https:\/\/www.sumanamusic.com\/wp-content\/uploads\/2022\/04\/sumana_final.png"},"sameAs":["https:\/\/www.facebook.com\/sumanamusic","https:\/\/www.instagram.com\/sumanamusic","https:\/\/www.youtube.com\/sumanamusic"]}]}},"_links":{"self":[{"href":"https:\/\/www.sumanamusic.com\/fr\/wp-json\/wp\/v2\/pages\/2052","targetHints":{"allow":["GET"]}}],"collection":[{"href":"https:\/\/www.sumanamusic.com\/fr\/wp-json\/wp\/v2\/pages"}],"about":[{"href":"https:\/\/www.sumanamusic.com\/fr\/wp-json\/wp\/v2\/types\/page"}],"author":[{"embeddable":true,"href":"https:\/\/www.sumanamusic.com\/fr\/wp-json\/wp\/v2\/users\/3"}],"replies":[{"embeddable":true,"href":"https:\/\/www.sumanamusic.com\/fr\/wp-json\/wp\/v2\/comments?post=2052"}],"version-history":[{"count":13,"href":"https:\/\/www.sumanamusic.com\/fr\/wp-json\/wp\/v2\/pages\/2052\/revisions"}],"predecessor-version":[{"id":2417,"href":"https:\/\/www.sumanamusic.com\/fr\/wp-json\/wp\/v2\/pages\/2052\/revisions\/2417"}],"wp:attachment":[{"href":"https:\/\/www.sumanamusic.com\/fr\/wp-json\/wp\/v2\/media?parent=2052"}],"curies":[{"name":"wp","href":"https:\/\/api.w.org\/{rel}","templated":true}]}}